{"id":229,"date":"2018-10-23T09:02:09","date_gmt":"2018-10-23T09:02:09","guid":{"rendered":"https:\/\/www.tiggelovend-kok.nl\/productgruppen\/roof-wall-constructions\/"},"modified":"2026-01-06T13:28:55","modified_gmt":"2026-01-06T13:28:55","slug":"dach-und-wandkonstruktionen","status":"publish","type":"page","link":"https:\/\/www.tiggelovend-kok.nl\/de\/productgruppen\/dach-und-wandkonstruktionen\/","title":{"rendered":"DACH- UND WANDKONSTRUKTIONEN"},"content":{"rendered":"<p>Die Au\u00dfenfassade eines Geb\u00e4udes ist das Erste, was man sieht, und vermittelt einen Eindruck von der Professionalit\u00e4t des Unternehmens. Die Fassaden- und Wandbekleidung muss ein gepflegtes Erscheinungsbild haben, aber es ist auch wichtig, dass das gew\u00e4hlte Material zu einer besseren Isolierung und zum Brandschutz eines Geb\u00e4udes beitr\u00e4gt.<\/p>\n<p>Deshalb arbeiten wir ausschlie\u00dflich mit hochwertigen Materialien, die alle Anforderungen erf\u00fcllen. Tiggelovend-Kok bietet eine gro\u00dfe Auswahl an beschichteten Stahlpaneelen, die f\u00fcr Fassaden, Trennw\u00e4nde und D\u00e4cher geeignet sind. Erh\u00e4ltlich in verschiedenen St\u00e4rken, Farben und Gr\u00f6\u00dfen mit hervorragenden Isolationswerten.<\/p>\n<p>Neben Stahlfassaden- oder Wandverkleidungen liefern wir auch passende T\u00fcren, Fenster, Zinkarbeiten und Dachrinnen.<\/p>\n<p>Unsere eigenen Monteure sorgen dann pers\u00f6nlich daf\u00fcr, dass alles nahtlos zusammenpasst.<\/p>\n<p>Klicken Sie <a href=\"https:\/\/www.tiggelovend-kok.nl\/de\/projekte\/neubau-einer-halle\/\">hier<\/a> f\u00fcr ein Referenzprojekt.<\/p>\n","protected":false},"excerpt":{"rendered":"<p>Die Au\u00dfenfassade eines Geb\u00e4udes ist das Erste, was man sieht, und vermittelt einen Eindruck von der Professionalit\u00e4t des Unternehmens. Die Fassaden- und Wandbekleidung muss ein gepflegtes Erscheinungsbild haben, aber es ist auch wichtig, dass das gew\u00e4hlte Material zu einer besseren Isolierung und zum Brandschutz eines Geb\u00e4udes beitr\u00e4gt. Deshalb arbeiten wir ausschlie\u00dflich mit hochwertigen Materialien, die [&hellip;]<\/p>\n","protected":false},"author":1,"featured_media":116,"parent":163,"menu_order":0,"comment_status":"closed","ping_status":"closed","template":"","meta":{"_acf_changed":false,"footnotes":""},"class_list":["post-229","page","type-page","status-publish","has-post-thumbnail","hentry"],"acf":[],"yoast_head":"<!-- This site is optimized with the Yoast SEO plugin v26.7 - https:\/\/yoast.com\/wordpress\/plugins\/seo\/ -->\n<title>DACH- UND WANDKONSTRUKTIONEN - Tiggelovend Kok<\/title>\n<meta name=\"robots\" content=\"index, follow, max-snippet:-1, max-image-preview:large, max-video-preview:-1\" \/>\n<link rel=\"canonical\" href=\"https:\/\/www.tiggelovend-kok.nl\/de\/productgruppen\/dach-und-wandkonstruktionen\/\" \/>\n<meta property=\"og:locale\" content=\"de_DE\" \/>\n<meta property=\"og:type\" content=\"article\" \/>\n<meta property=\"og:title\" content=\"DACH- UND WANDKONSTRUKTIONEN - Tiggelovend Kok\" \/>\n<meta property=\"og:description\" content=\"Die Au\u00dfenfassade eines Geb\u00e4udes ist das Erste, was man sieht, und vermittelt einen Eindruck von der Professionalit\u00e4t des Unternehmens. Die Fassaden- und Wandbekleidung muss ein gepflegtes Erscheinungsbild haben, aber es ist auch wichtig, dass das gew\u00e4hlte Material zu einer besseren Isolierung und zum Brandschutz eines Geb\u00e4udes beitr\u00e4gt. Deshalb arbeiten wir ausschlie\u00dflich mit hochwertigen Materialien, die [&hellip;]\" \/>\n<meta property=\"og:url\" content=\"https:\/\/www.tiggelovend-kok.nl\/de\/productgruppen\/dach-und-wandkonstruktionen\/\" \/>\n<meta property=\"og:site_name\" content=\"Tiggelovend Kok\" \/>\n<meta property=\"article:modified_time\" content=\"2026-01-06T13:28:55+00:00\" \/>\n<meta property=\"og:image\" content=\"https:\/\/www.tiggelovend-kok.nl\/wp-content\/uploads\/2018\/10\/pro-img-5.png\" \/>\n\t<meta property=\"og:image:width\" content=\"222\" \/>\n\t<meta property=\"og:image:height\" content=\"159\" \/>\n\t<meta property=\"og:image:type\" content=\"image\/png\" \/>\n<meta name=\"twitter:card\" content=\"summary_large_image\" \/>\n<meta name=\"twitter:label1\" content=\"Gesch\u00e4tzte Lesezeit\" \/>\n\t<meta name=\"twitter:data1\" content=\"1\u00a0Minute\" \/>\n<script type=\"application\/ld+json\" class=\"yoast-schema-graph\">{\"@context\":\"https:\/\/schema.org\",\"@graph\":[{\"@type\":\"WebPage\",\"@id\":\"https:\/\/www.tiggelovend-kok.nl\/de\/productgruppen\/dach-und-wandkonstruktionen\/\",\"url\":\"https:\/\/www.tiggelovend-kok.nl\/de\/productgruppen\/dach-und-wandkonstruktionen\/\",\"name\":\"DACH- UND WANDKONSTRUKTIONEN - Tiggelovend Kok\",\"isPartOf\":{\"@id\":\"https:\/\/www.tiggelovend-kok.nl\/#website\"},\"primaryImageOfPage\":{\"@id\":\"https:\/\/www.tiggelovend-kok.nl\/de\/productgruppen\/dach-und-wandkonstruktionen\/#primaryimage\"},\"image\":{\"@id\":\"https:\/\/www.tiggelovend-kok.nl\/de\/productgruppen\/dach-und-wandkonstruktionen\/#primaryimage\"},\"thumbnailUrl\":\"https:\/\/www.tiggelovend-kok.nl\/wp-content\/uploads\/2018\/10\/pro-img-5.png\",\"datePublished\":\"2018-10-23T09:02:09+00:00\",\"dateModified\":\"2026-01-06T13:28:55+00:00\",\"breadcrumb\":{\"@id\":\"https:\/\/www.tiggelovend-kok.nl\/de\/productgruppen\/dach-und-wandkonstruktionen\/#breadcrumb\"},\"inLanguage\":\"de\",\"potentialAction\":[{\"@type\":\"ReadAction\",\"target\":[\"https:\/\/www.tiggelovend-kok.nl\/de\/productgruppen\/dach-und-wandkonstruktionen\/\"]}]},{\"@type\":\"ImageObject\",\"inLanguage\":\"de\",\"@id\":\"https:\/\/www.tiggelovend-kok.nl\/de\/productgruppen\/dach-und-wandkonstruktionen\/#primaryimage\",\"url\":\"https:\/\/www.tiggelovend-kok.nl\/wp-content\/uploads\/2018\/10\/pro-img-5.png\",\"contentUrl\":\"https:\/\/www.tiggelovend-kok.nl\/wp-content\/uploads\/2018\/10\/pro-img-5.png\",\"width\":222,\"height\":159},{\"@type\":\"BreadcrumbList\",\"@id\":\"https:\/\/www.tiggelovend-kok.nl\/de\/productgruppen\/dach-und-wandkonstruktionen\/#breadcrumb\",\"itemListElement\":[{\"@type\":\"ListItem\",\"position\":1,\"name\":\"Home\",\"item\":\"https:\/\/www.tiggelovend-kok.nl\/de\/\"},{\"@type\":\"ListItem\",\"position\":2,\"name\":\"Productgruppen\",\"item\":\"https:\/\/www.tiggelovend-kok.nl\/de\/productgruppen\/\"},{\"@type\":\"ListItem\",\"position\":3,\"name\":\"DACH- UND WANDKONSTRUKTIONEN\"}]},{\"@type\":\"WebSite\",\"@id\":\"https:\/\/www.tiggelovend-kok.nl\/#website\",\"url\":\"https:\/\/www.tiggelovend-kok.nl\/\",\"name\":\"Tiggelovend Kok\",\"description\":\"Staalconstructiebedrijf\",\"publisher\":{\"@id\":\"https:\/\/www.tiggelovend-kok.nl\/#organization\"},\"potentialAction\":[{\"@type\":\"SearchAction\",\"target\":{\"@type\":\"EntryPoint\",\"urlTemplate\":\"https:\/\/www.tiggelovend-kok.nl\/?s={search_term_string}\"},\"query-input\":{\"@type\":\"PropertyValueSpecification\",\"valueRequired\":true,\"valueName\":\"search_term_string\"}}],\"inLanguage\":\"de\"},{\"@type\":\"Organization\",\"@id\":\"https:\/\/www.tiggelovend-kok.nl\/#organization\",\"name\":\"Tiggelovend Kok\",\"url\":\"https:\/\/www.tiggelovend-kok.nl\/\",\"logo\":{\"@type\":\"ImageObject\",\"inLanguage\":\"de\",\"@id\":\"https:\/\/www.tiggelovend-kok.nl\/#\/schema\/logo\/image\/\",\"url\":\"https:\/\/www.tiggelovend-kok.nl\/wp-content\/uploads\/2025\/11\/tk2025.jpg\",\"contentUrl\":\"https:\/\/www.tiggelovend-kok.nl\/wp-content\/uploads\/2025\/11\/tk2025.jpg\",\"width\":500,\"height\":250,\"caption\":\"Tiggelovend Kok\"},\"image\":{\"@id\":\"https:\/\/www.tiggelovend-kok.nl\/#\/schema\/logo\/image\/\"}}]}<\/script>\n<!-- \/ Yoast SEO plugin. -->","yoast_head_json":{"title":"DACH- UND WANDKONSTRUKTIONEN - Tiggelovend Kok","robots":{"index":"index","follow":"follow","max-snippet":"max-snippet:-1","max-image-preview":"max-image-preview:large","max-video-preview":"max-video-preview:-1"},"canonical":"https:\/\/www.tiggelovend-kok.nl\/de\/productgruppen\/dach-und-wandkonstruktionen\/","og_locale":"de_DE","og_type":"article","og_title":"DACH- UND WANDKONSTRUKTIONEN - Tiggelovend Kok","og_description":"Die Au\u00dfenfassade eines Geb\u00e4udes ist das Erste, was man sieht, und vermittelt einen Eindruck von der Professionalit\u00e4t des Unternehmens. Die Fassaden- und Wandbekleidung muss ein gepflegtes Erscheinungsbild haben, aber es ist auch wichtig, dass das gew\u00e4hlte Material zu einer besseren Isolierung und zum Brandschutz eines Geb\u00e4udes beitr\u00e4gt. Deshalb arbeiten wir ausschlie\u00dflich mit hochwertigen Materialien, die [&hellip;]","og_url":"https:\/\/www.tiggelovend-kok.nl\/de\/productgruppen\/dach-und-wandkonstruktionen\/","og_site_name":"Tiggelovend Kok","article_modified_time":"2026-01-06T13:28:55+00:00","og_image":[{"width":222,"height":159,"url":"https:\/\/www.tiggelovend-kok.nl\/wp-content\/uploads\/2018\/10\/pro-img-5.png","type":"image\/png"}],"twitter_card":"summary_large_image","twitter_misc":{"Gesch\u00e4tzte Lesezeit":"1\u00a0Minute"},"schema":{"@context":"https:\/\/schema.org","@graph":[{"@type":"WebPage","@id":"https:\/\/www.tiggelovend-kok.nl\/de\/productgruppen\/dach-und-wandkonstruktionen\/","url":"https:\/\/www.tiggelovend-kok.nl\/de\/productgruppen\/dach-und-wandkonstruktionen\/","name":"DACH- UND WANDKONSTRUKTIONEN - Tiggelovend Kok","isPartOf":{"@id":"https:\/\/www.tiggelovend-kok.nl\/#website"},"primaryImageOfPage":{"@id":"https:\/\/www.tiggelovend-kok.nl\/de\/productgruppen\/dach-und-wandkonstruktionen\/#primaryimage"},"image":{"@id":"https:\/\/www.tiggelovend-kok.nl\/de\/productgruppen\/dach-und-wandkonstruktionen\/#primaryimage"},"thumbnailUrl":"https:\/\/www.tiggelovend-kok.nl\/wp-content\/uploads\/2018\/10\/pro-img-5.png","datePublished":"2018-10-23T09:02:09+00:00","dateModified":"2026-01-06T13:28:55+00:00","breadcrumb":{"@id":"https:\/\/www.tiggelovend-kok.nl\/de\/productgruppen\/dach-und-wandkonstruktionen\/#breadcrumb"},"inLanguage":"de","potentialAction":[{"@type":"ReadAction","target":["https:\/\/www.tiggelovend-kok.nl\/de\/productgruppen\/dach-und-wandkonstruktionen\/"]}]},{"@type":"ImageObject","inLanguage":"de","@id":"https:\/\/www.tiggelovend-kok.nl\/de\/productgruppen\/dach-und-wandkonstruktionen\/#primaryimage","url":"https:\/\/www.tiggelovend-kok.nl\/wp-content\/uploads\/2018\/10\/pro-img-5.png","contentUrl":"https:\/\/www.tiggelovend-kok.nl\/wp-content\/uploads\/2018\/10\/pro-img-5.png","width":222,"height":159},{"@type":"BreadcrumbList","@id":"https:\/\/www.tiggelovend-kok.nl\/de\/productgruppen\/dach-und-wandkonstruktionen\/#breadcrumb","itemListElement":[{"@type":"ListItem","position":1,"name":"Home","item":"https:\/\/www.tiggelovend-kok.nl\/de\/"},{"@type":"ListItem","position":2,"name":"Productgruppen","item":"https:\/\/www.tiggelovend-kok.nl\/de\/productgruppen\/"},{"@type":"ListItem","position":3,"name":"DACH- UND WANDKONSTRUKTIONEN"}]},{"@type":"WebSite","@id":"https:\/\/www.tiggelovend-kok.nl\/#website","url":"https:\/\/www.tiggelovend-kok.nl\/","name":"Tiggelovend Kok","description":"Staalconstructiebedrijf","publisher":{"@id":"https:\/\/www.tiggelovend-kok.nl\/#organization"},"potentialAction":[{"@type":"SearchAction","target":{"@type":"EntryPoint","urlTemplate":"https:\/\/www.tiggelovend-kok.nl\/?s={search_term_string}"},"query-input":{"@type":"PropertyValueSpecification","valueRequired":true,"valueName":"search_term_string"}}],"inLanguage":"de"},{"@type":"Organization","@id":"https:\/\/www.tiggelovend-kok.nl\/#organization","name":"Tiggelovend Kok","url":"https:\/\/www.tiggelovend-kok.nl\/","logo":{"@type":"ImageObject","inLanguage":"de","@id":"https:\/\/www.tiggelovend-kok.nl\/#\/schema\/logo\/image\/","url":"https:\/\/www.tiggelovend-kok.nl\/wp-content\/uploads\/2025\/11\/tk2025.jpg","contentUrl":"https:\/\/www.tiggelovend-kok.nl\/wp-content\/uploads\/2025\/11\/tk2025.jpg","width":500,"height":250,"caption":"Tiggelovend Kok"},"image":{"@id":"https:\/\/www.tiggelovend-kok.nl\/#\/schema\/logo\/image\/"}}]}},"_links":{"self":[{"href":"https:\/\/www.tiggelovend-kok.nl\/de\/wp-json\/wp\/v2\/pages\/229","targetHints":{"allow":["GET"]}}],"collection":[{"href":"https:\/\/www.tiggelovend-kok.nl\/de\/wp-json\/wp\/v2\/pages"}],"about":[{"href":"https:\/\/www.tiggelovend-kok.nl\/de\/wp-json\/wp\/v2\/types\/page"}],"author":[{"embeddable":true,"href":"https:\/\/www.tiggelovend-kok.nl\/de\/wp-json\/wp\/v2\/users\/1"}],"replies":[{"embeddable":true,"href":"https:\/\/www.tiggelovend-kok.nl\/de\/wp-json\/wp\/v2\/comments?post=229"}],"version-history":[{"count":5,"href":"https:\/\/www.tiggelovend-kok.nl\/de\/wp-json\/wp\/v2\/pages\/229\/revisions"}],"predecessor-version":[{"id":1143,"href":"https:\/\/www.tiggelovend-kok.nl\/de\/wp-json\/wp\/v2\/pages\/229\/revisions\/1143"}],"up":[{"embeddable":true,"href":"https:\/\/www.tiggelovend-kok.nl\/de\/wp-json\/wp\/v2\/pages\/163"}],"wp:featuredmedia":[{"embeddable":true,"href":"https:\/\/www.tiggelovend-kok.nl\/de\/wp-json\/wp\/v2\/media\/116"}],"wp:attachment":[{"href":"https:\/\/www.tiggelovend-kok.nl\/de\/wp-json\/wp\/v2\/media?parent=229"}],"curies":[{"name":"wp","href":"https:\/\/api.w.org\/{rel}","templated":true}]}}