{"id":303,"date":"2018-10-23T09:02:34","date_gmt":"2018-10-23T09:02:34","guid":{"rendered":"https:\/\/www.tiggelovend-kok.nl\/productgruppen\/turn-key-projecten\/"},"modified":"2026-01-06T13:39:05","modified_gmt":"2026-01-06T13:39:05","slug":"turn-key-projekte","status":"publish","type":"page","link":"https:\/\/www.tiggelovend-kok.nl\/de\/productgruppen\/turn-key-projekte\/","title":{"rendered":"SCHL\u00dcSSELFERTIGE PROJEKTE"},"content":{"rendered":"<p>Der Name sagt es schon:Sie brauchen nur noch den Schl\u00fcssel umzudrehen.Ein komplettes Projekt, beispielsweise eine Lager- oder Maschinenhalle, wird von der ersten Planung bis zur Fertigstellung realisiert.<\/p>\n<p>Tiggelovend-Kok benennt f\u00fcr jedes Projekt einen festen Ansprechpartner, der alle Aspekte des Projekts kennt und f\u00fcr Sie regelt. Dadurch m\u00fcssen Sie nicht selbst die Kontakte zu verschiedenen Auftragsfirmen unterhalten und das gesamte Projekt selbst koordinieren.<\/p>\n<p>Wir wissen genau, welche Materialien ben\u00f6tigt werden, \u00fcberwachen die Einhaltung der Planung und kaufen kosteng\u00fcnstig ein. Wir sind erst zufrieden, wenn alles perfekt geliefert wird.<\/p>\n<p>Klicken Sie <a href=\"https:\/\/www.tiggelovend-kok.nl\/de\/projekte\/neubau-einer-halle\/\">hier<\/a> f\u00fcr ein Beispiel eines Turn-Key-Projekts.<\/p>\n<p><strong>Sanierung<\/strong><\/p>\n<p>Manchmal gen\u00fcgt eine bestehende Konstruktion nicht mehr den aktuellen Anforderungen. Eine Sanierung mit einer Konstruktionsanpassung kann dann eine gute L\u00f6sung sein.<\/p>\n<p>Unsere Engineering-Abteilung erarbeitet genaue Konstruktionsberechnungen, beispielsweise zur Tragf\u00e4higkeit der neuen Konstruktion auf dem vorhandenen und eventuell hinzuzuf\u00fcgenden Fundament. Dabei werden das Gewicht, die Materialverwendung und externe Faktoren ber\u00fccksichtigt.In 3D zeigen wir Ihnen, wie das Endergebnis aussehen wird.Auf der Grundlage dieser Zeichnung wissen wir genau, was wir ben\u00f6tigen.<\/p>\n<p>Wir k\u00f6nnen eine Sanierung als Gesamtprojekt f\u00fcr Sie durchf\u00fchren, sodass Sie im gesamten Sanierungszeitraum nur einen einzigen Ansprechpartner haben. Wir stehen dann im Kontakt zu allen Lieferanten, \u00fcberwachen die Einhaltung der Planung und garantieren Ihnen eine erfolgreiche Sanierung.<\/p>\n<p>Klicken Sie<a href=\"https:\/\/www.tiggelovend-kok.nl\/de\/projekte\/dru-industriepark\/\"> hier<\/a> f\u00fcr ein Beispiel eines Sanierungsprojekts.<\/p>\n","protected":false},"excerpt":{"rendered":"<p>Der Name sagt es schon:Sie brauchen nur noch den Schl\u00fcssel umzudrehen.Ein komplettes Projekt, beispielsweise eine Lager- oder Maschinenhalle, wird von der ersten Planung bis zur Fertigstellung realisiert. Tiggelovend-Kok benennt f\u00fcr jedes Projekt einen festen Ansprechpartner, der alle Aspekte des Projekts kennt und f\u00fcr Sie regelt. Dadurch m\u00fcssen Sie nicht selbst die Kontakte zu verschiedenen Auftragsfirmen [&hellip;]<\/p>\n","protected":false},"author":1,"featured_media":118,"parent":163,"menu_order":0,"comment_status":"closed","ping_status":"closed","template":"","meta":{"_acf_changed":false,"footnotes":""},"class_list":["post-303","page","type-page","status-publish","has-post-thumbnail","hentry"],"acf":[],"yoast_head":"<!-- This site is optimized with the Yoast SEO plugin v26.7 - https:\/\/yoast.com\/wordpress\/plugins\/seo\/ -->\n<title>SCHL\u00dcSSELFERTIGE PROJEKTE - Tiggelovend Kok<\/title>\n<meta name=\"robots\" content=\"index, follow, max-snippet:-1, max-image-preview:large, max-video-preview:-1\" \/>\n<link rel=\"canonical\" href=\"https:\/\/www.tiggelovend-kok.nl\/de\/productgruppen\/turn-key-projekte\/\" \/>\n<meta property=\"og:locale\" content=\"de_DE\" \/>\n<meta property=\"og:type\" content=\"article\" \/>\n<meta property=\"og:title\" content=\"SCHL\u00dcSSELFERTIGE PROJEKTE - Tiggelovend Kok\" \/>\n<meta property=\"og:description\" content=\"Der Name sagt es schon:Sie brauchen nur noch den Schl\u00fcssel umzudrehen.Ein komplettes Projekt, beispielsweise eine Lager- oder Maschinenhalle, wird von der ersten Planung bis zur Fertigstellung realisiert. Tiggelovend-Kok benennt f\u00fcr jedes Projekt einen festen Ansprechpartner, der alle Aspekte des Projekts kennt und f\u00fcr Sie regelt. Dadurch m\u00fcssen Sie nicht selbst die Kontakte zu verschiedenen Auftragsfirmen [&hellip;]\" \/>\n<meta property=\"og:url\" content=\"https:\/\/www.tiggelovend-kok.nl\/de\/productgruppen\/turn-key-projekte\/\" \/>\n<meta property=\"og:site_name\" content=\"Tiggelovend Kok\" \/>\n<meta property=\"article:modified_time\" content=\"2026-01-06T13:39:05+00:00\" \/>\n<meta property=\"og:image\" content=\"https:\/\/www.tiggelovend-kok.nl\/wp-content\/uploads\/2018\/10\/pro-img-4.png\" \/>\n\t<meta property=\"og:image:width\" content=\"182\" \/>\n\t<meta property=\"og:image:height\" content=\"159\" \/>\n\t<meta property=\"og:image:type\" content=\"image\/png\" \/>\n<meta name=\"twitter:card\" content=\"summary_large_image\" \/>\n<meta name=\"twitter:label1\" content=\"Gesch\u00e4tzte Lesezeit\" \/>\n\t<meta name=\"twitter:data1\" content=\"2\u00a0Minuten\" \/>\n<script type=\"application\/ld+json\" class=\"yoast-schema-graph\">{\"@context\":\"https:\/\/schema.org\",\"@graph\":[{\"@type\":\"WebPage\",\"@id\":\"https:\/\/www.tiggelovend-kok.nl\/de\/productgruppen\/turn-key-projekte\/\",\"url\":\"https:\/\/www.tiggelovend-kok.nl\/de\/productgruppen\/turn-key-projekte\/\",\"name\":\"SCHL\u00dcSSELFERTIGE PROJEKTE - Tiggelovend Kok\",\"isPartOf\":{\"@id\":\"https:\/\/www.tiggelovend-kok.nl\/#website\"},\"primaryImageOfPage\":{\"@id\":\"https:\/\/www.tiggelovend-kok.nl\/de\/productgruppen\/turn-key-projekte\/#primaryimage\"},\"image\":{\"@id\":\"https:\/\/www.tiggelovend-kok.nl\/de\/productgruppen\/turn-key-projekte\/#primaryimage\"},\"thumbnailUrl\":\"https:\/\/www.tiggelovend-kok.nl\/wp-content\/uploads\/2018\/10\/pro-img-4.png\",\"datePublished\":\"2018-10-23T09:02:34+00:00\",\"dateModified\":\"2026-01-06T13:39:05+00:00\",\"breadcrumb\":{\"@id\":\"https:\/\/www.tiggelovend-kok.nl\/de\/productgruppen\/turn-key-projekte\/#breadcrumb\"},\"inLanguage\":\"de\",\"potentialAction\":[{\"@type\":\"ReadAction\",\"target\":[\"https:\/\/www.tiggelovend-kok.nl\/de\/productgruppen\/turn-key-projekte\/\"]}]},{\"@type\":\"ImageObject\",\"inLanguage\":\"de\",\"@id\":\"https:\/\/www.tiggelovend-kok.nl\/de\/productgruppen\/turn-key-projekte\/#primaryimage\",\"url\":\"https:\/\/www.tiggelovend-kok.nl\/wp-content\/uploads\/2018\/10\/pro-img-4.png\",\"contentUrl\":\"https:\/\/www.tiggelovend-kok.nl\/wp-content\/uploads\/2018\/10\/pro-img-4.png\",\"width\":182,\"height\":159},{\"@type\":\"BreadcrumbList\",\"@id\":\"https:\/\/www.tiggelovend-kok.nl\/de\/productgruppen\/turn-key-projekte\/#breadcrumb\",\"itemListElement\":[{\"@type\":\"ListItem\",\"position\":1,\"name\":\"Home\",\"item\":\"https:\/\/www.tiggelovend-kok.nl\/de\/\"},{\"@type\":\"ListItem\",\"position\":2,\"name\":\"Productgruppen\",\"item\":\"https:\/\/www.tiggelovend-kok.nl\/de\/productgruppen\/\"},{\"@type\":\"ListItem\",\"position\":3,\"name\":\"SCHL\u00dcSSELFERTIGE PROJEKTE\"}]},{\"@type\":\"WebSite\",\"@id\":\"https:\/\/www.tiggelovend-kok.nl\/#website\",\"url\":\"https:\/\/www.tiggelovend-kok.nl\/\",\"name\":\"Tiggelovend Kok\",\"description\":\"Staalconstructiebedrijf\",\"publisher\":{\"@id\":\"https:\/\/www.tiggelovend-kok.nl\/#organization\"},\"potentialAction\":[{\"@type\":\"SearchAction\",\"target\":{\"@type\":\"EntryPoint\",\"urlTemplate\":\"https:\/\/www.tiggelovend-kok.nl\/?s={search_term_string}\"},\"query-input\":{\"@type\":\"PropertyValueSpecification\",\"valueRequired\":true,\"valueName\":\"search_term_string\"}}],\"inLanguage\":\"de\"},{\"@type\":\"Organization\",\"@id\":\"https:\/\/www.tiggelovend-kok.nl\/#organization\",\"name\":\"Tiggelovend Kok\",\"url\":\"https:\/\/www.tiggelovend-kok.nl\/\",\"logo\":{\"@type\":\"ImageObject\",\"inLanguage\":\"de\",\"@id\":\"https:\/\/www.tiggelovend-kok.nl\/#\/schema\/logo\/image\/\",\"url\":\"https:\/\/www.tiggelovend-kok.nl\/wp-content\/uploads\/2025\/11\/tk2025.jpg\",\"contentUrl\":\"https:\/\/www.tiggelovend-kok.nl\/wp-content\/uploads\/2025\/11\/tk2025.jpg\",\"width\":500,\"height\":250,\"caption\":\"Tiggelovend Kok\"},\"image\":{\"@id\":\"https:\/\/www.tiggelovend-kok.nl\/#\/schema\/logo\/image\/\"}}]}<\/script>\n<!-- \/ Yoast SEO plugin. -->","yoast_head_json":{"title":"SCHL\u00dcSSELFERTIGE PROJEKTE - Tiggelovend Kok","robots":{"index":"index","follow":"follow","max-snippet":"max-snippet:-1","max-image-preview":"max-image-preview:large","max-video-preview":"max-video-preview:-1"},"canonical":"https:\/\/www.tiggelovend-kok.nl\/de\/productgruppen\/turn-key-projekte\/","og_locale":"de_DE","og_type":"article","og_title":"SCHL\u00dcSSELFERTIGE PROJEKTE - Tiggelovend Kok","og_description":"Der Name sagt es schon:Sie brauchen nur noch den Schl\u00fcssel umzudrehen.Ein komplettes Projekt, beispielsweise eine Lager- oder Maschinenhalle, wird von der ersten Planung bis zur Fertigstellung realisiert. Tiggelovend-Kok benennt f\u00fcr jedes Projekt einen festen Ansprechpartner, der alle Aspekte des Projekts kennt und f\u00fcr Sie regelt. Dadurch m\u00fcssen Sie nicht selbst die Kontakte zu verschiedenen Auftragsfirmen [&hellip;]","og_url":"https:\/\/www.tiggelovend-kok.nl\/de\/productgruppen\/turn-key-projekte\/","og_site_name":"Tiggelovend Kok","article_modified_time":"2026-01-06T13:39:05+00:00","og_image":[{"width":182,"height":159,"url":"https:\/\/www.tiggelovend-kok.nl\/wp-content\/uploads\/2018\/10\/pro-img-4.png","type":"image\/png"}],"twitter_card":"summary_large_image","twitter_misc":{"Gesch\u00e4tzte Lesezeit":"2\u00a0Minuten"},"schema":{"@context":"https:\/\/schema.org","@graph":[{"@type":"WebPage","@id":"https:\/\/www.tiggelovend-kok.nl\/de\/productgruppen\/turn-key-projekte\/","url":"https:\/\/www.tiggelovend-kok.nl\/de\/productgruppen\/turn-key-projekte\/","name":"SCHL\u00dcSSELFERTIGE PROJEKTE - Tiggelovend Kok","isPartOf":{"@id":"https:\/\/www.tiggelovend-kok.nl\/#website"},"primaryImageOfPage":{"@id":"https:\/\/www.tiggelovend-kok.nl\/de\/productgruppen\/turn-key-projekte\/#primaryimage"},"image":{"@id":"https:\/\/www.tiggelovend-kok.nl\/de\/productgruppen\/turn-key-projekte\/#primaryimage"},"thumbnailUrl":"https:\/\/www.tiggelovend-kok.nl\/wp-content\/uploads\/2018\/10\/pro-img-4.png","datePublished":"2018-10-23T09:02:34+00:00","dateModified":"2026-01-06T13:39:05+00:00","breadcrumb":{"@id":"https:\/\/www.tiggelovend-kok.nl\/de\/productgruppen\/turn-key-projekte\/#breadcrumb"},"inLanguage":"de","potentialAction":[{"@type":"ReadAction","target":["https:\/\/www.tiggelovend-kok.nl\/de\/productgruppen\/turn-key-projekte\/"]}]},{"@type":"ImageObject","inLanguage":"de","@id":"https:\/\/www.tiggelovend-kok.nl\/de\/productgruppen\/turn-key-projekte\/#primaryimage","url":"https:\/\/www.tiggelovend-kok.nl\/wp-content\/uploads\/2018\/10\/pro-img-4.png","contentUrl":"https:\/\/www.tiggelovend-kok.nl\/wp-content\/uploads\/2018\/10\/pro-img-4.png","width":182,"height":159},{"@type":"BreadcrumbList","@id":"https:\/\/www.tiggelovend-kok.nl\/de\/productgruppen\/turn-key-projekte\/#breadcrumb","itemListElement":[{"@type":"ListItem","position":1,"name":"Home","item":"https:\/\/www.tiggelovend-kok.nl\/de\/"},{"@type":"ListItem","position":2,"name":"Productgruppen","item":"https:\/\/www.tiggelovend-kok.nl\/de\/productgruppen\/"},{"@type":"ListItem","position":3,"name":"SCHL\u00dcSSELFERTIGE PROJEKTE"}]},{"@type":"WebSite","@id":"https:\/\/www.tiggelovend-kok.nl\/#website","url":"https:\/\/www.tiggelovend-kok.nl\/","name":"Tiggelovend Kok","description":"Staalconstructiebedrijf","publisher":{"@id":"https:\/\/www.tiggelovend-kok.nl\/#organization"},"potentialAction":[{"@type":"SearchAction","target":{"@type":"EntryPoint","urlTemplate":"https:\/\/www.tiggelovend-kok.nl\/?s={search_term_string}"},"query-input":{"@type":"PropertyValueSpecification","valueRequired":true,"valueName":"search_term_string"}}],"inLanguage":"de"},{"@type":"Organization","@id":"https:\/\/www.tiggelovend-kok.nl\/#organization","name":"Tiggelovend Kok","url":"https:\/\/www.tiggelovend-kok.nl\/","logo":{"@type":"ImageObject","inLanguage":"de","@id":"https:\/\/www.tiggelovend-kok.nl\/#\/schema\/logo\/image\/","url":"https:\/\/www.tiggelovend-kok.nl\/wp-content\/uploads\/2025\/11\/tk2025.jpg","contentUrl":"https:\/\/www.tiggelovend-kok.nl\/wp-content\/uploads\/2025\/11\/tk2025.jpg","width":500,"height":250,"caption":"Tiggelovend Kok"},"image":{"@id":"https:\/\/www.tiggelovend-kok.nl\/#\/schema\/logo\/image\/"}}]}},"_links":{"self":[{"href":"https:\/\/www.tiggelovend-kok.nl\/de\/wp-json\/wp\/v2\/pages\/303","targetHints":{"allow":["GET"]}}],"collection":[{"href":"https:\/\/www.tiggelovend-kok.nl\/de\/wp-json\/wp\/v2\/pages"}],"about":[{"href":"https:\/\/www.tiggelovend-kok.nl\/de\/wp-json\/wp\/v2\/types\/page"}],"author":[{"embeddable":true,"href":"https:\/\/www.tiggelovend-kok.nl\/de\/wp-json\/wp\/v2\/users\/1"}],"replies":[{"embeddable":true,"href":"https:\/\/www.tiggelovend-kok.nl\/de\/wp-json\/wp\/v2\/comments?post=303"}],"version-history":[{"count":6,"href":"https:\/\/www.tiggelovend-kok.nl\/de\/wp-json\/wp\/v2\/pages\/303\/revisions"}],"predecessor-version":[{"id":1145,"href":"https:\/\/www.tiggelovend-kok.nl\/de\/wp-json\/wp\/v2\/pages\/303\/revisions\/1145"}],"up":[{"embeddable":true,"href":"https:\/\/www.tiggelovend-kok.nl\/de\/wp-json\/wp\/v2\/pages\/163"}],"wp:featuredmedia":[{"embeddable":true,"href":"https:\/\/www.tiggelovend-kok.nl\/de\/wp-json\/wp\/v2\/media\/118"}],"wp:attachment":[{"href":"https:\/\/www.tiggelovend-kok.nl\/de\/wp-json\/wp\/v2\/media?parent=303"}],"curies":[{"name":"wp","href":"https:\/\/api.w.org\/{rel}","templated":true}]}}